{"id":197,"date":"2021-03-22T16:59:19","date_gmt":"2021-03-22T22:59:19","guid":{"rendered":"https:\/\/digitalm.com.mx\/blog\/?page_id=197"},"modified":"2026-01-05T12:18:12","modified_gmt":"2026-01-05T18:18:12","slug":"quienes-somos","status":"publish","type":"page","link":"https:\/\/digitalm.com.mx\/blog\/quienes-somos\/","title":{"rendered":"\u00bfQui\u00e9nes somos?"},"content":{"rendered":"<h2 style=\"text-align: center;\">\u00bfC\u00f3mo est\u00e1n todos hoy? Lleg\u00f3 la hora de conocernos&#8230;..\u00a1vamos!<\/h2>\n<p><img fetchpriority=\"high\" decoding=\"async\" src=\"https:\/\/digitalm.com.mx\/blog\/wp-content\/uploads\/2021\/04\/Negro-Blanco-Gris-Foto-Ciudad-Blog-Banner-1024x576.png\" alt=\"\" width=\"920\" height=\"518\" \/><br \/>\nQu\u00e9 gusto leernos de nuevo amigos \u00abtrotaorbis\u00bb, sabemos lo importante que es conocer a las personas puesto que as\u00ed tenemos una noci\u00f3n sobre algo o alguien. Para nosotros es muy importante que nos conozcas y decidas comenzar un viaje profesional juntos.<br \/>\nSomos un equipo de 2 emprendedores que hemos estudiado y trabajado en el sector financiero, en TI, en Service Desk, en dise\u00f1o y programaci\u00f3n\u00a0 web y en soporte t\u00e9cnico. Sin embargo, en el a\u00f1o 2020 (despu\u00e9s de mucho pensar, varios a\u00f1os de conocernos y <a href=\"https:\/\/www.ciproweb.com\/nosotros.php\" target=\"_blank\" rel=\"noopener\"><strong>experiencias reveladoras<\/strong><\/a>) nos dimos cuenta que <strong>toda esa experiencia adquirida <\/strong>ser\u00eda de mayor utilidad iniciando nuestras propias andanzas.<br \/>\nAs\u00ed que en el 2020 creamos <strong>CIPROWEB S.A. de C.V. (C= creaci\u00f3n, I= innovaci\u00f3n, <\/strong><strong>P= profesionalismo) y nuestra marca Digital Media Soluciones Web\u00a0\u00ae<\/strong>, con el claro objetivo de aplicar lo aprendido en <strong>ayudar y potencializar el trabajo de <a href=\"https:\/\/digitalm.com.mx\/portafolio.php\" target=\"_blank\" rel=\"noopener\">nuestros clientes<\/a>. <\/strong><strong>\u00bfPor qu\u00e9 esta desici\u00f3n? <\/strong>Porque tambi\u00e9n hemos pasado complicaciones a lo largo de nuestros caminos y por ello es que el <strong>motor fundamental<\/strong> de iniciar (y continuar) el trote es <strong>facilitar el camino al \u00e9xito de todas las personas que podamos.<\/strong><br \/>\n<strong>\u00bfPor qu\u00e9 acompa\u00f1arnos en el viaje?<\/strong> No diremos que somos la mejora opci\u00f3n\u00a0 porque\u00a0 s\u00f3lo cada uno de ustedes puede opinarlo\u2026lo que s\u00ed podemos asegurar es que siempre buscamos <strong>generar valor<\/strong> para nuestros clientes\u00a0 mediante la <strong>colaboraci\u00f3n \u00a0en el proceso de ejecuci\u00f3n<\/strong> <strong>y en los resultados del <a href=\"https:\/\/digitalm.com.mx\/blog\/servicios\/\" target=\"_blank\" rel=\"noopener\">servicio<\/a><\/strong>; en los planteamientos de la <strong>mejora continua<\/strong> (que es\u00a0 nuestro pilar de trabajo y de vida), en los conocimientos que nos ha dado la <strong>experiencia e innovaci\u00f3n.<\/strong><br \/>\n<strong>\u00bfYa te dimos algo de curiosidad?<\/strong> <strong>\u00a1espero que s\u00ed!<\/strong> porque ha llegado el tiempo de vernos las caras, por as\u00ed decirlo (\u00a1s\u00f3lo no te espantes mucho cuando nos veas!)&#8230; nos presentamos somos<a href=\"https:\/\/digitalm.com.mx\/blog\/alfredo.pdf\" target=\"_blank\" rel=\"noopener\"> Alfredo Herrera Garc\u00eda<\/a> y <a href=\"https:\/\/digitalm.com.mx\/blog\/maribel.pdf\" target=\"_blank\" rel=\"noopener\">Maribel Villag\u00f3mez D\u00edaz<\/a>:<br \/>\n<a href=\"https:\/\/www.linkedin.com\/in\/maribel-villagomez-749b069a\/\"><img decoding=\"async\" src=\"https:\/\/digitalm.com.mx\/blog\/wp-content\/uploads\/2021\/04\/Sobre-nosotros-1024x819.jpg\" alt=\"\" width=\"920\" height=\"736\" \/><\/a><br \/>\n<a href=\"https:\/\/www.linkedin.com\/in\/alfredo-herrera-garc%C3%ADa-917012153\/\"><img decoding=\"async\" src=\"https:\/\/digitalm.com.mx\/blog\/wp-content\/uploads\/2021\/04\/AH-1024x819.jpg\" alt=\"\" width=\"920\" height=\"736\" \/><\/a><\/p>\n<h3><\/h3>\n<h3 style=\"text-align: center;\">Creo que ya escribimos bastantes, ahora qu\u00e9 nos dices&#8230; \u00bfNos acompa\u00f1as en la aventura?<\/h3>\n<h3 style=\"text-align: center;\"><strong>\u00a0\u00a1Perm\u00edtenos hacerlo por ti y para ti! Tendras el tiempo necesario para centrarte en los negocios sin distracciones\u00a0 \u00a1Vamos a crecer, somos un equipo!<\/strong><\/h3>\n<h3><\/h3>\n<p><a href=\"https:\/\/digitalm.com.mx\/blog\/contacto\/\"><img loading=\"lazy\" decoding=\"async\" src=\"https:\/\/digitalm.com.mx\/blog\/wp-content\/uploads\/2021\/04\/portada-blog-redimencionado-10-1-e1617916824925.png\" alt=\"\" width=\"401\" height=\"139\" \/><\/a>\t\t\t\t\t\t\t\t\t\t\t\t\t<img decoding=\"async\" src=\"https:\/\/digitalm.com.mx\/blog\/wp-content\/plugins\/elementor\/assets\/images\/placeholder.png\" title=\"\" alt=\"\" loading=\"lazy\" \/><\/p>\n","protected":false},"excerpt":{"rendered":"<p>\u00bfC\u00f3mo est\u00e1n todos hoy? Lleg\u00f3 la hora de conocernos&#8230;..\u00a1vamos! Qu\u00e9 gusto leernos de nuevo amigos \u00abtrotaorbis\u00bb, sabemos lo importante que<\/p>\n<p><a href=\"https:\/\/digitalm.com.mx\/blog\/quienes-somos\/\" class=\"more-link\">Contin\u00faa leyendo&#8230;<span class=\"screen-reader-text\">\u00bfQui\u00e9nes somos?<\/span><\/a><\/p>\n","protected":false},"author":2,"featured_media":0,"parent":0,"menu_order":0,"comment_status":"closed","ping_status":"closed","template":"","meta":{"footnotes":""},"class_list":["post-197","page","type-page","status-publish","hentry"],"_links":{"self":[{"href":"https:\/\/digitalm.com.mx\/blog\/wp-json\/wp\/v2\/pages\/197","targetHints":{"allow":["GET"]}}],"collection":[{"href":"https:\/\/digitalm.com.mx\/blog\/wp-json\/wp\/v2\/pages"}],"about":[{"href":"https:\/\/digitalm.com.mx\/blog\/wp-json\/wp\/v2\/types\/page"}],"author":[{"embeddable":true,"href":"https:\/\/digitalm.com.mx\/blog\/wp-json\/wp\/v2\/users\/2"}],"replies":[{"embeddable":true,"href":"https:\/\/digitalm.com.mx\/blog\/wp-json\/wp\/v2\/comments?post=197"}],"version-history":[{"count":40,"href":"https:\/\/digitalm.com.mx\/blog\/wp-json\/wp\/v2\/pages\/197\/revisions"}],"predecessor-version":[{"id":1558,"href":"https:\/\/digitalm.com.mx\/blog\/wp-json\/wp\/v2\/pages\/197\/revisions\/1558"}],"wp:attachment":[{"href":"https:\/\/digitalm.com.mx\/blog\/wp-json\/wp\/v2\/media?parent=197"}],"curies":[{"name":"wp","href":"https:\/\/api.w.org\/{rel}","templated":true}]}}