{"id":199,"date":"2021-03-22T17:00:35","date_gmt":"2021-03-22T23:00:35","guid":{"rendered":"https:\/\/digitalm.com.mx\/blog\/?page_id=199"},"modified":"2021-08-24T10:31:29","modified_gmt":"2021-08-24T15:31:29","slug":"casos-de-exito-digital-media","status":"publish","type":"page","link":"https:\/\/digitalm.com.mx\/blog\/casos-de-exito-digital-media\/","title":{"rendered":"Casos de \u00e9xito Digital Media Soluciones Web\u00ae"},"content":{"rendered":"<p style=\"text-align: left;\">Un gusto seguir ley\u00e9ndonos aqu\u00ed amigos \u00abtrotaorbis digitalis\u00bb. Hoy queremos presentarles<strong> casos de \u00e9xito<\/strong> con los cuales nos sentimos muy satisfechos y nos impulsa para seguir ayudando a nuestros clientes a lograr sus metas. <strong>\u00a1Estamos aqu\u00ed por ustedes y para ustedes!<\/strong><\/p>\n<h2><img decoding=\"async\" class=\"wp-image-33 alignnone\" src=\"https:\/\/digitalm.com.mx\/blog\/wp-content\/uploads\/2021\/03\/cropped-portada-blog-redimencionado-5-300x300.png\" sizes=\"(max-width: 82px) 100vw, 82px\" srcset=\"https:\/\/digitalm.com.mx\/blog\/wp-content\/uploads\/2021\/03\/cropped-portada-blog-redimencionado-5-300x300.png 300w, https:\/\/digitalm.com.mx\/blog\/wp-content\/uploads\/2021\/03\/cropped-portada-blog-redimencionado-5-1024x1024.png 1024w, https:\/\/digitalm.com.mx\/blog\/wp-content\/uploads\/2021\/03\/cropped-portada-blog-redimencionado-5-150x150.png 150w, https:\/\/digitalm.com.mx\/blog\/wp-content\/uploads\/2021\/03\/cropped-portada-blog-redimencionado-5-768x768.png 768w, https:\/\/digitalm.com.mx\/blog\/wp-content\/uploads\/2021\/03\/cropped-portada-blog-redimencionado-5-666x666.png 666w, https:\/\/digitalm.com.mx\/blog\/wp-content\/uploads\/2021\/03\/cropped-portada-blog-redimencionado-5.png 1080w\" alt=\"\" width=\"82\" height=\"82\" \/><span style=\"color: #ffffff;\">Dise\u00f1o y creaci\u00f3n para la para gesti\u00f3n de inventarios<\/span><\/h2>\n<p>Trabajamos con SESISA para gestionar el registro e identificaci\u00f3n de los uniformes y equipo t\u00e1ctico de los\u00a0elementos de seguridad p\u00fablica del estado de Morelos ofreciendo un m\u00e9todo \u00e1gil de asignaci\u00f3n y control.<\/p>\n<h2><img decoding=\"async\" class=\"wp-image-33 alignnone\" src=\"https:\/\/digitalm.com.mx\/blog\/wp-content\/uploads\/2021\/03\/cropped-portada-blog-redimencionado-5-300x300.png\" sizes=\"(max-width: 82px) 100vw, 82px\" srcset=\"https:\/\/digitalm.com.mx\/blog\/wp-content\/uploads\/2021\/03\/cropped-portada-blog-redimencionado-5-300x300.png 300w, https:\/\/digitalm.com.mx\/blog\/wp-content\/uploads\/2021\/03\/cropped-portada-blog-redimencionado-5-1024x1024.png 1024w, https:\/\/digitalm.com.mx\/blog\/wp-content\/uploads\/2021\/03\/cropped-portada-blog-redimencionado-5-150x150.png 150w, https:\/\/digitalm.com.mx\/blog\/wp-content\/uploads\/2021\/03\/cropped-portada-blog-redimencionado-5-768x768.png 768w, https:\/\/digitalm.com.mx\/blog\/wp-content\/uploads\/2021\/03\/cropped-portada-blog-redimencionado-5-666x666.png 666w, https:\/\/digitalm.com.mx\/blog\/wp-content\/uploads\/2021\/03\/cropped-portada-blog-redimencionado-5.png 1080w\" alt=\"\" width=\"82\" height=\"82\" \/><span style=\"color: #ffffff;\">Un enfoque diferente. Cambios que generan valor<\/span><\/h2>\n<p>SESISA, una empresa mexicana dedicada a la integraci\u00f3n de sistemas, equipos de seguridad y venta de equipo t\u00e1ctico, buscaba identificar los uniformes y equipamiento para uno de sus clientes en el sector p\u00fablico a trav\u00e9s de la impresi\u00f3n<span style=\"font-size: 1.125rem;\">de un c\u00f3digo QR \u00fanico por cada una de las prendas a entregar, los cuales deber\u00edan ser inventariadas y asignados a cada elemento de seguridad p\u00fablica.<\/span><\/p>\n<p><span style=\"font-size: 1.125rem;\"><img decoding=\"async\" class=\" wp-image-750 alignleft\" src=\"https:\/\/digitalm.com.mx\/blog\/wp-content\/uploads\/2021\/04\/cropped-cropped-LogoSesisaDefinitivo-e1500327558540-1-e1618361959604.png\" alt=\"\" width=\"159\" height=\"110\" \/>SESISA estampaba el <span style=\"color: #ffffff;\"><a style=\"color: #ffffff;\" href=\"https:\/\/digitalm.com.mx\/blog\/el-sorprendente-qr\/\" target=\"_blank\" rel=\"noopener\">c\u00f3digo QR<\/a><\/span> directo en alguna parte de la prenda o el equipamiento perdiendo usabilidad a largo plaza puesto que la visibilidad y lectura se dificultaban o incluso se perd\u00edan debido al uso rudo derivado de las mismas actividades realizadas Adicional se usaba un c\u00f3digo gen\u00e9rico que dificultaba dr\u00e1sticamente un control adecuado del inventario.<\/span><\/p>\n<p>La empresa necesitaba que el c\u00f3digo QR fuese seriado y que su durabilidad y legibilidad fuesen altas. Trabajando con esto esta petici\u00f3n en mente, dise\u00f1amos un sistema num\u00e9rico que nos permit\u00eda diferenciar, clasificar y asignar cada tipo de aditamento, prenda y calzado por cantidades y tallas espec\u00edficas.<\/p>\n<p>Una vez terminado el sistema de clasificaci\u00f3n, creamos cada <span style=\"color: #ffffff;\"><a style=\"color: #ffffff;\" href=\"https:\/\/digitalm.com.mx\/blog\/crecion-de-qr-dinamico\/\" target=\"_blank\" rel=\"noopener\">c\u00f3digo QR como \u00fanico y din\u00e1mico<\/a><\/span>, de modo que la lectura de cada uno de ellos correspondiera con clave num\u00e9rica asignada (es decir la clave que contiene tipo de producto -prenda, calzado, aditamento- y talla).<\/p>\n<p>Posterior al dise\u00f1o cotejado con el cliente para tener luz verde de impresi\u00f3n, buscamos diferentes tipos de telas sin embargo seleccionamos como mejor opci\u00f3n imprimir en una etiqueta textil de 40 x 50 mm de poliamida cosida directamente en alg\u00fan borde la prendas (como cualquier etiqueta de la ropa que usamos).<\/p>\n<p><img decoding=\"async\" class=\"wp-image-73 aligncenter\" src=\"https:\/\/digitalm.com.mx\/blog\/wp-content\/uploads\/2021\/03\/dddd.png\" alt=\"\" width=\"975\" height=\"11\" \/><\/p>\n<h4 style=\"padding-left: 40px;\"><span style=\"color: #ffffff;\"><strong>La poliamida es un material resistente a todos los m\u00e9todos de lavado y la aplicaci\u00f3n de fricci\u00f3n sin que la etiqueta se rompa, pierda color o se degrade alg\u00fan componente del c\u00f3digo QR en la impresi\u00f3n.<\/strong><\/span><\/h4>\n<p><img decoding=\"async\" class=\"wp-image-73 aligncenter\" src=\"https:\/\/digitalm.com.mx\/blog\/wp-content\/uploads\/2021\/03\/dddd.png\" alt=\"\" width=\"975\" height=\"11\" \/><\/p>\n<h2><img decoding=\"async\" class=\"wp-image-33 alignnone\" src=\"https:\/\/digitalm.com.mx\/blog\/wp-content\/uploads\/2021\/03\/cropped-portada-blog-redimencionado-5-300x300.png\" sizes=\"(max-width: 82px) 100vw, 82px\" srcset=\"https:\/\/digitalm.com.mx\/blog\/wp-content\/uploads\/2021\/03\/cropped-portada-blog-redimencionado-5-300x300.png 300w, https:\/\/digitalm.com.mx\/blog\/wp-content\/uploads\/2021\/03\/cropped-portada-blog-redimencionado-5-1024x1024.png 1024w, https:\/\/digitalm.com.mx\/blog\/wp-content\/uploads\/2021\/03\/cropped-portada-blog-redimencionado-5-150x150.png 150w, https:\/\/digitalm.com.mx\/blog\/wp-content\/uploads\/2021\/03\/cropped-portada-blog-redimencionado-5-768x768.png 768w, https:\/\/digitalm.com.mx\/blog\/wp-content\/uploads\/2021\/03\/cropped-portada-blog-redimencionado-5-666x666.png 666w, https:\/\/digitalm.com.mx\/blog\/wp-content\/uploads\/2021\/03\/cropped-portada-blog-redimencionado-5.png 1080w\" alt=\"\" width=\"82\" height=\"82\" \/><span style=\"color: #ffffff;\">Misi\u00f3n cumplida. \u00a0Innovaciones que dejan huellas<\/span><\/h2>\n<p>Entre los beneficios esperados cabe destacar la mayor durabilidad lograda, as\u00ed como el desarrollo del sistema de registro e identificaci\u00f3n.<\/p>\n<p><img loading=\"lazy\" decoding=\"async\" class=\" wp-image-753 aligncenter\" src=\"https:\/\/digitalm.com.mx\/blog\/wp-content\/uploads\/2021\/04\/PROMOCION-3.png\" alt=\"\" width=\"742\" height=\"622\" \/><\/p>\n","protected":false},"excerpt":{"rendered":"<p>Un gusto seguir ley\u00e9ndonos aqu\u00ed amigos \u00abtrotaorbis digitalis\u00bb. Hoy queremos presentarles casos de \u00e9xito con los cuales nos sentimos muy<\/p>\n<p><a href=\"https:\/\/digitalm.com.mx\/blog\/casos-de-exito-digital-media\/\" class=\"more-link\">Contin\u00faa leyendo&#8230;<span class=\"screen-reader-text\">Casos de \u00e9xito Digital Media Soluciones Web\u00ae<\/span><\/a><\/p>\n","protected":false},"author":2,"featured_media":0,"parent":0,"menu_order":0,"comment_status":"closed","ping_status":"closed","template":"","meta":{"footnotes":""},"class_list":["post-199","page","type-page","status-publish","hentry"],"_links":{"self":[{"href":"https:\/\/digitalm.com.mx\/blog\/wp-json\/wp\/v2\/pages\/199","targetHints":{"allow":["GET"]}}],"collection":[{"href":"https:\/\/digitalm.com.mx\/blog\/wp-json\/wp\/v2\/pages"}],"about":[{"href":"https:\/\/digitalm.com.mx\/blog\/wp-json\/wp\/v2\/types\/page"}],"author":[{"embeddable":true,"href":"https:\/\/digitalm.com.mx\/blog\/wp-json\/wp\/v2\/users\/2"}],"replies":[{"embeddable":true,"href":"https:\/\/digitalm.com.mx\/blog\/wp-json\/wp\/v2\/comments?post=199"}],"version-history":[{"count":29,"href":"https:\/\/digitalm.com.mx\/blog\/wp-json\/wp\/v2\/pages\/199\/revisions"}],"predecessor-version":[{"id":1344,"href":"https:\/\/digitalm.com.mx\/blog\/wp-json\/wp\/v2\/pages\/199\/revisions\/1344"}],"wp:attachment":[{"href":"https:\/\/digitalm.com.mx\/blog\/wp-json\/wp\/v2\/media?parent=199"}],"curies":[{"name":"wp","href":"https:\/\/api.w.org\/{rel}","templated":true}]}}