{"id":201,"date":"2021-03-22T16:57:18","date_gmt":"2021-03-22T22:57:18","guid":{"rendered":"https:\/\/digitalm.com.mx\/blog\/?page_id=201"},"modified":"2026-01-05T12:23:02","modified_gmt":"2026-01-05T18:23:02","slug":"servicios","status":"publish","type":"page","link":"https:\/\/digitalm.com.mx\/blog\/servicios\/","title":{"rendered":"Servicios"},"content":{"rendered":"<h2><img decoding=\"async\" class=\"wp-image-33 alignnone\" src=\"https:\/\/digitalm.com.mx\/blog\/wp-content\/uploads\/2021\/03\/cropped-portada-blog-redimencionado-5-300x300.png\" sizes=\"(max-width: 82px) 100vw, 82px\" srcset=\"https:\/\/digitalm.com.mx\/blog\/wp-content\/uploads\/2021\/03\/cropped-portada-blog-redimencionado-5-300x300.png 300w, https:\/\/digitalm.com.mx\/blog\/wp-content\/uploads\/2021\/03\/cropped-portada-blog-redimencionado-5-1024x1024.png 1024w, https:\/\/digitalm.com.mx\/blog\/wp-content\/uploads\/2021\/03\/cropped-portada-blog-redimencionado-5-150x150.png 150w, https:\/\/digitalm.com.mx\/blog\/wp-content\/uploads\/2021\/03\/cropped-portada-blog-redimencionado-5-768x768.png 768w, https:\/\/digitalm.com.mx\/blog\/wp-content\/uploads\/2021\/03\/cropped-portada-blog-redimencionado-5-666x666.png 666w, https:\/\/digitalm.com.mx\/blog\/wp-content\/uploads\/2021\/03\/cropped-portada-blog-redimencionado-5.png 1080w\" alt=\"\" width=\"82\" height=\"82\" \/><span style=\"color: #ffffff;\"><strong>Conoce los servicios que ofrecemos en <\/strong>Digital Media Soluciones Web<strong>\u00ae<\/strong><\/span><\/h2>\n<p>Qu\u00e9 tal amigos trotamundos digitales, es un gusto que nos visiten en <strong>este apartado de servicios<\/strong>.\u00a0 En Digital Media\u00a0 Soluciones Web<strong>\u00ae <\/strong>dise\u00f1amos websites, plataformas interactivas, creamos QRs para hoteles, restaurantes e\u00a0 incluso los imprimimos en varios materiales para la administraci\u00f3n de los inventarios <span style=\"color: #ffffff;\">(<\/span><strong>te compartimos <a href=\"https:\/\/digitalm.com.mx\/blog\/download.php?g=1\" target=\"_blank\" rel=\"noopener\">nuestro brochure<\/a> comercial para que puedar dar un vistazo a nuestras metas y estrategias).<\/strong><\/p>\n<p><strong>Nuestros servicios\u00a0 est\u00e1n dise\u00f1ados\u00a0 bajo el pilar del sistema de valor del servicio de ITIL v4<\/strong>, es decir,\u00a0 generamos un valor real para ustedes en cada actividad que realizamos. \u00a1Muy bien! Te presentamos los servicios que tenemos su disposici\u00f3n, <strong>no olvides registrarte al final de cada uno de ellos para tener m\u00e1s informaci\u00f3n y recibir nuestros boletines informativos.<\/strong><\/p>\n<p>[icon name=\u00bbarrow-circle-down\u00bb style=\u00bbsolid\u00bb class=\u00bb\u00bb unprefixed_class=\u00bb\u00bb]\u00a0 [icon name=\u00bbarrow-circle-down\u00bb style=\u00bbsolid\u00bb class=\u00bb\u00bb unprefixed_class=\u00bb\u00bb]\u00a0 [icon name=\u00bbarrow-circle-down\u00bb style=\u00bbsolid\u00bb class=\u00bb\u00bb unprefixed_class=\u00bb\u00bb]<\/p>\n<p><!--more--><\/p>\n<p><a href=\"https:\/\/digitalm.com.mx\/blog\/crecion-de-qr-dinamico\/\"><img decoding=\"async\" class=\"alignleft wp-image-717\" src=\"https:\/\/digitalm.com.mx\/blog\/wp-content\/uploads\/2021\/04\/2-e1618270632646.png\" alt=\"\" width=\"304\" height=\"89\" \/><\/a><a href=\"https:\/\/digitalm.com.mx\/blog\/crecion-de-qr-dinamico\/\" target=\"_blank\" rel=\"noopener\"><strong><span style=\"color: #ffffff;\">Dise\u00f1o, creaci\u00f3n, descarga e impresi\u00f3n en etiquetas textiles&#8230;<\/span>Ver m\u00e1s..<\/strong><\/a><\/p>\n<p><a href=\"https:\/\/digitalm.com.mx\/blog\/plataformas-interactivas\/\"><img decoding=\"async\" class=\"alignleft wp-image-377\" src=\"https:\/\/digitalm.com.mx\/blog\/wp-content\/uploads\/2021\/03\/PLATAFORMAS-INTERACTIVAS-1-e1616551954456-300x93.png\" alt=\"\" width=\"300\" height=\"94\" \/><\/a><\/p>\n<p><strong><a href=\"https:\/\/digitalm.com.mx\/blog\/plataformas-interactivas\/\"><span style=\"color: #ffffff;\">Herramienta web para optimizar la gesti\u00f3n de inventarios&#8230;<\/span>Ver m\u00e1s&#8230;<\/a><\/strong><\/p>\n<p><a href=\"https:\/\/digitalm.com.mx\/blog\/soluciones-digitales\/\"><img loading=\"lazy\" decoding=\"async\" class=\"alignleft wp-image-716\" src=\"https:\/\/digitalm.com.mx\/blog\/wp-content\/uploads\/2021\/04\/1-1-e1618270591761.png\" alt=\"\" width=\"305\" height=\"94\" \/><\/a><\/p>\n<p><strong><a href=\"https:\/\/digitalm.com.mx\/blog\/soluciones-digitales\/\" target=\"_blank\" rel=\"noopener\"><span style=\"color: #ffffff;\">Dise\u00f1os personalizados de sitios web, tiendas en l\u00ednea&#8230; <\/span>Ver m\u00e1s&#8230;<\/a><\/strong><\/p>\n<p><a href=\"https:\/\/digitalm.com.mx\/blog\/menu-digital-qr\/\"><img loading=\"lazy\" decoding=\"async\" class=\"alignleft wp-image-665\" src=\"https:\/\/digitalm.com.mx\/blog\/wp-content\/uploads\/2021\/04\/Servicios-DM-2-e1618105844399.png\" alt=\"\" width=\"306\" height=\"94\" \/><\/a><\/p>\n<p><strong><a href=\"https:\/\/digitalm.com.mx\/blog\/menu-digital-qr\/\"><span style=\"color: #ffffff;\">Men\u00fas digitales\u00a0 con presencia en el dise\u00f1o&#8230;.<\/span> Ver m\u00e1s&#8230;<\/a><\/strong><\/p>\n<p><a href=\"https:\/\/digitalm.com.mx\/blog\/certificados-personalizados-con-qr\/\"><img loading=\"lazy\" decoding=\"async\" class=\" wp-image-790 alignleft\" src=\"https:\/\/digitalm.com.mx\/blog\/wp-content\/uploads\/2021\/04\/Servicios-DM-5-1-e1618542198202.png\" alt=\"\" width=\"310\" height=\"100\" \/><\/a><strong><a href=\"https:\/\/digitalm.com.mx\/blog\/certificados-personalizados-con-qr\/\" target=\"_blank\" rel=\"noopener\"><span style=\"color: #ffffff;\">Documentos digitalizados con autenticaci\u00f3n QR&#8230;<\/span> Ver m\u00e1s&#8230;<\/a><\/strong><\/p>\n<p><img loading=\"lazy\" decoding=\"async\" class=\" wp-image-818 alignleft\" src=\"https:\/\/digitalm.com.mx\/blog\/wp-content\/uploads\/2021\/04\/Servicios-DM-6-e1619050852499.png\" alt=\"\" width=\"318\" height=\"105\" \/><\/p>\n<p><strong><a href=\"https:\/\/digitalm.com.mx\/blog\/digital-cards\/\" target=\"_blank\" rel=\"noopener\"><span style=\"color: #ffffff;\">Tarjetas de presentaci\u00f3n digitalizadas e interactivas&#8230;<\/span> Ver m\u00e1s&#8230;<\/a><\/strong><\/p>\n<p><a href=\"https:\/\/digitalm.com.mx\/blog\/vcard-connect\/\" target=\"_blank\" rel=\"noopener\"><img loading=\"lazy\" decoding=\"async\" class=\"wp-image-1020 alignleft\" src=\"https:\/\/digitalm.com.mx\/blog\/wp-content\/uploads\/2021\/05\/Servicios-DM-7-1-e1620662024713.png\" alt=\"\" width=\"320\" height=\"96\" \/> <strong><span style=\"color: #ffffff;\">Tarjetas el\u00e9ctronicas de negocios con mini sitio web potencializador de tu\u00a0 imagen y marca&#8230;<\/span> Ver m\u00e1s&#8230;<\/strong><\/a><\/p>\n<p><a href=\"https:\/\/digitalm.com.mx\/blog\/flyers\/\"><img loading=\"lazy\" decoding=\"async\" class=\"alignleft wp-image-1090\" src=\"https:\/\/digitalm.com.mx\/blog\/wp-content\/uploads\/2021\/06\/Servicios-DM-e1624327533119.png\" alt=\"\" width=\"314\" height=\"99\" \/><\/a><\/p>\n<p><span style=\"color: #999999;\"><strong><span style=\"color: #ffffff;\">Dise\u00f1os profesionales en formato PDF con \u00edconos interactivos&#8230;<\/span><a href=\"https:\/\/digitalm.com.mx\/blog\/flyers\/\" target=\"_blank\" rel=\"noopener\"> Ver m\u00e1s&#8230;<\/a><\/strong><\/span><\/p>\n<p><a href=\" https:\/\/digitalm.com.mx\/blog\/videos-promocionales\/\"><img loading=\"lazy\" decoding=\"async\" class=\"alignleft wp-image-1089\" src=\"https:\/\/digitalm.com.mx\/blog\/wp-content\/uploads\/2021\/06\/Servicios-DM-1-e1624327650179.png\" alt=\"\" width=\"311\" height=\"108\" \/><\/a><span style=\"color: #999999;\"><strong><span style=\"color: #ffffff;\">Videos profesionales de secuencias de im\u00e1ges con duraci\u00f3n m\u00e1xima de 60 segundos &#8230;<\/span> <a href=\"https:\/\/digitalm.com.mx\/blog\/videos-promocionales\/\" target=\"_blank\" rel=\"noopener\">Ver m\u00e1s&#8230;<\/a><\/strong><\/span><\/p>\n","protected":false},"excerpt":{"rendered":"<p>Conoce los servicios que ofrecemos en Digital Media Soluciones Web\u00ae Qu\u00e9 tal amigos trotamundos digitales, es un gusto que nos<\/p>\n<p><a href=\"https:\/\/digitalm.com.mx\/blog\/servicios\/\" class=\"more-link\">Contin\u00faa leyendo&#8230;<span class=\"screen-reader-text\">Servicios<\/span><\/a><\/p>\n","protected":false},"author":2,"featured_media":0,"parent":0,"menu_order":0,"comment_status":"closed","ping_status":"closed","template":"","meta":{"footnotes":""},"class_list":["post-201","page","type-page","status-publish","hentry"],"_links":{"self":[{"href":"https:\/\/digitalm.com.mx\/blog\/wp-json\/wp\/v2\/pages\/201","targetHints":{"allow":["GET"]}}],"collection":[{"href":"https:\/\/digitalm.com.mx\/blog\/wp-json\/wp\/v2\/pages"}],"about":[{"href":"https:\/\/digitalm.com.mx\/blog\/wp-json\/wp\/v2\/types\/page"}],"author":[{"embeddable":true,"href":"https:\/\/digitalm.com.mx\/blog\/wp-json\/wp\/v2\/users\/2"}],"replies":[{"embeddable":true,"href":"https:\/\/digitalm.com.mx\/blog\/wp-json\/wp\/v2\/comments?post=201"}],"version-history":[{"count":57,"href":"https:\/\/digitalm.com.mx\/blog\/wp-json\/wp\/v2\/pages\/201\/revisions"}],"predecessor-version":[{"id":1370,"href":"https:\/\/digitalm.com.mx\/blog\/wp-json\/wp\/v2\/pages\/201\/revisions\/1370"}],"wp:attachment":[{"href":"https:\/\/digitalm.com.mx\/blog\/wp-json\/wp\/v2\/media?parent=201"}],"curies":[{"name":"wp","href":"https:\/\/api.w.org\/{rel}","templated":true}]}}