{"id":338,"date":"2021-03-23T18:38:06","date_gmt":"2021-03-24T00:38:06","guid":{"rendered":"https:\/\/digitalm.com.mx\/blog\/?page_id=338"},"modified":"2026-01-05T12:41:04","modified_gmt":"2026-01-05T18:41:04","slug":"soluciones-digitales","status":"publish","type":"page","link":"https:\/\/digitalm.com.mx\/blog\/soluciones-digitales\/","title":{"rendered":"Soluciones Digitales"},"content":{"rendered":"<h2><img decoding=\"async\" src=\"https:\/\/digitalm.com.mx\/blog\/wp-content\/uploads\/2021\/03\/cropped-portada-blog-redimencionado-5-300x300.png\" sizes=\"(max-width: 82px) 100vw, 82px\" srcset=\"https:\/\/digitalm.com.mx\/blog\/wp-content\/uploads\/2021\/03\/cropped-portada-blog-redimencionado-5-300x300.png 300w, https:\/\/digitalm.com.mx\/blog\/wp-content\/uploads\/2021\/03\/cropped-portada-blog-redimencionado-5-1024x1024.png 1024w, https:\/\/digitalm.com.mx\/blog\/wp-content\/uploads\/2021\/03\/cropped-portada-blog-redimencionado-5-150x150.png 150w, https:\/\/digitalm.com.mx\/blog\/wp-content\/uploads\/2021\/03\/cropped-portada-blog-redimencionado-5-768x768.png 768w, https:\/\/digitalm.com.mx\/blog\/wp-content\/uploads\/2021\/03\/cropped-portada-blog-redimencionado-5-666x666.png 666w, https:\/\/digitalm.com.mx\/blog\/wp-content\/uploads\/2021\/03\/cropped-portada-blog-redimencionado-5.png 1080w\" alt=\"\" width=\"82\" height=\"82\" \/>Soluciones Digitales<\/h2>\n<p>Somos expertos desarrolladores;\u00a0 sabemos escucharte, comprenderte y acompa\u00f1arte en cada pas\u00f3 tu proceso. <strong>Tenemos toda la experiencia en materializar tu visi\u00f3n y acercarte m\u00e1s en el camino para concretar tus sue\u00f1os <\/strong>(En los desarrollos usamos lenguajes como HTML5, PHP, MySQL, AJAX, JS, CSS).<\/p>\n<h2 style=\"text-align: center;\"><img decoding=\"async\" style=\"color: #333333; font-size: 1.125rem; font-weight: 400;\" src=\"https:\/\/digitalm.com.mx\/blog\/wp-content\/uploads\/2021\/03\/cropped-portada-blog-redimencionado-5-300x300.png\" sizes=\"(max-width: 82px) 100vw, 82px\" srcset=\"https:\/\/digitalm.com.mx\/blog\/wp-content\/uploads\/2021\/03\/cropped-portada-blog-redimencionado-5-300x300.png 300w, https:\/\/digitalm.com.mx\/blog\/wp-content\/uploads\/2021\/03\/cropped-portada-blog-redimencionado-5-1024x1024.png 1024w, https:\/\/digitalm.com.mx\/blog\/wp-content\/uploads\/2021\/03\/cropped-portada-blog-redimencionado-5-150x150.png 150w, https:\/\/digitalm.com.mx\/blog\/wp-content\/uploads\/2021\/03\/cropped-portada-blog-redimencionado-5-768x768.png 768w, https:\/\/digitalm.com.mx\/blog\/wp-content\/uploads\/2021\/03\/cropped-portada-blog-redimencionado-5-666x666.png 666w, https:\/\/digitalm.com.mx\/blog\/wp-content\/uploads\/2021\/03\/cropped-portada-blog-redimencionado-5.png 1080w\" alt=\"\" width=\"82\" height=\"82\" \/>Nuestro cat\u00e1logo de servicios<\/h2>\n<p><img fetchpriority=\"high\" decoding=\"async\" src=\"https:\/\/digitalm.com.mx\/blog\/wp-content\/uploads\/2021\/03\/Servicios-DM-1-1.png\" alt=\"\" width=\"400\" height=\"600\" \/><\/p>\n<h2 style=\"text-align: center;\"><img decoding=\"async\" style=\"color: #333333; font-size: 1.125rem; font-weight: 400;\" src=\"https:\/\/digitalm.com.mx\/blog\/wp-content\/uploads\/2021\/03\/cropped-portada-blog-redimencionado-5-300x300.png\" sizes=\"(max-width: 82px) 100vw, 82px\" srcset=\"https:\/\/digitalm.com.mx\/blog\/wp-content\/uploads\/2021\/03\/cropped-portada-blog-redimencionado-5-300x300.png 300w, https:\/\/digitalm.com.mx\/blog\/wp-content\/uploads\/2021\/03\/cropped-portada-blog-redimencionado-5-1024x1024.png 1024w, https:\/\/digitalm.com.mx\/blog\/wp-content\/uploads\/2021\/03\/cropped-portada-blog-redimencionado-5-150x150.png 150w, https:\/\/digitalm.com.mx\/blog\/wp-content\/uploads\/2021\/03\/cropped-portada-blog-redimencionado-5-768x768.png 768w, https:\/\/digitalm.com.mx\/blog\/wp-content\/uploads\/2021\/03\/cropped-portada-blog-redimencionado-5-666x666.png 666w, https:\/\/digitalm.com.mx\/blog\/wp-content\/uploads\/2021\/03\/cropped-portada-blog-redimencionado-5.png 1080w\" alt=\"\" width=\"82\" height=\"82\" \/>Creamos sitios y p\u00e1ginas web para:<\/h2>\n<ul>\n<li style=\"text-align: center;\">\u00a0 \u00a0 \u00a0 \u00a0 \u00a0 \u00a0 \u00a0 \u00a0<strong>Congresos\u00a0 \u00a0 \u00a0 \u00a0 \u00a0 \u00a0 \u00a0 \u00a0 \u00a0<\/strong><\/li>\n<li style=\"text-align: center;\"><strong>Hoteles<\/strong><\/li>\n<li style=\"text-align: center;\"><strong>Restaurantes<\/strong><\/li>\n<li style=\"text-align: center;\"><strong>Personales<\/strong><\/li>\n<li style=\"text-align: center;\"><strong>Empresas<\/strong><\/li>\n<li style=\"text-align: center;\"><strong>Negocios<\/strong><\/li>\n<li style=\"text-align: center;\"><strong>Colegios<\/strong><\/li>\n<li style=\"text-align: center;\"><strong>Tiendas online<\/strong><\/li>\n<li style=\"text-align: center;\"><strong>Plataformas interactivas<\/strong><\/li>\n<li style=\"text-align: center;\"><strong>Cat\u00e1logos en l\u00ednea<\/strong><\/li>\n<li style=\"text-align: center;\"><strong>M\u00e1scotas<\/strong><\/li>\n<li style=\"text-align: center;\"><strong>Lo que tu visi\u00f3n nos dicte \u00a1claro est\u00e1!<\/strong><\/li>\n<\/ul>\n<p style=\"text-align: left;\">En el seguiente video podr\u00e1n ver algunas de las p\u00e1ginas que hemos dise\u00f1ado <strong>\u00bfnos ayudas a difundir compartiendo?<\/strong> No olvides llegar al final para ver nuestro precios y descargar el tarifario completo.<\/p>\n<p style=\"text-align: center;\"><iframe title=\"YouTube video player\" src=\"https:\/\/www.youtube.com\/embed\/6jC6ZWbx2No\" width=\"560\" height=\"315\" frameborder=\"0\" allowfullscreen=\"allowfullscreen\"><\/iframe><\/p>\n<h3 style=\"text-align: center;\"><\/h3>\n<h2 style=\"text-align: center;\"><img decoding=\"async\" src=\"https:\/\/digitalm.com.mx\/blog\/wp-content\/uploads\/2021\/03\/cropped-portada-blog-redimencionado-5-300x300.png\" sizes=\"(max-width: 82px) 100vw, 82px\" srcset=\"https:\/\/digitalm.com.mx\/blog\/wp-content\/uploads\/2021\/03\/cropped-portada-blog-redimencionado-5-300x300.png 300w, https:\/\/digitalm.com.mx\/blog\/wp-content\/uploads\/2021\/03\/cropped-portada-blog-redimencionado-5-1024x1024.png 1024w, https:\/\/digitalm.com.mx\/blog\/wp-content\/uploads\/2021\/03\/cropped-portada-blog-redimencionado-5-150x150.png 150w, https:\/\/digitalm.com.mx\/blog\/wp-content\/uploads\/2021\/03\/cropped-portada-blog-redimencionado-5-768x768.png 768w, https:\/\/digitalm.com.mx\/blog\/wp-content\/uploads\/2021\/03\/cropped-portada-blog-redimencionado-5-666x666.png 666w, https:\/\/digitalm.com.mx\/blog\/wp-content\/uploads\/2021\/03\/cropped-portada-blog-redimencionado-5.png 1080w\" alt=\"\" width=\"82\" height=\"82\" \/>Nuestros paquetes<\/h2>\n<p style=\"text-align: center;\"><strong>\u00abNosotros los hacemos por ti\u00bb<\/strong><br \/>\n<strong>\u00abManejamos paquetes, precios y tiempos de entrega dependiendo de las caracter\u00edsticas del proyecto\u00bb<\/strong><\/p>\n<p><a href=\"https:\/\/api.whatsapp.com\/message\/5X6UBXK6DP53N1\"><img loading=\"lazy\" decoding=\"async\" src=\"https:\/\/digitalm.com.mx\/blog\/wp-content\/uploads\/2021\/03\/caracteristicas-servicio.png\" alt=\"\" width=\"1350\" height=\"650\" \/><\/a><\/p>\n<p><a href=\"https:\/\/api.whatsapp.com\/message\/5X6UBXK6DP53N1\"><img loading=\"lazy\" decoding=\"async\" src=\"https:\/\/digitalm.com.mx\/blog\/wp-content\/uploads\/2021\/03\/tienda-en-linea.png\" alt=\"\" width=\"1350\" height=\"650\" \/><\/a><\/p>\n<h2 style=\"text-align: center;\"><img decoding=\"async\" src=\"https:\/\/digitalm.com.mx\/blog\/wp-content\/uploads\/2021\/03\/cropped-portada-blog-redimencionado-5-300x300.png\" sizes=\"(max-width: 82px) 100vw, 82px\" srcset=\"https:\/\/digitalm.com.mx\/blog\/wp-content\/uploads\/2021\/03\/cropped-portada-blog-redimencionado-5-300x300.png 300w, https:\/\/digitalm.com.mx\/blog\/wp-content\/uploads\/2021\/03\/cropped-portada-blog-redimencionado-5-1024x1024.png 1024w, https:\/\/digitalm.com.mx\/blog\/wp-content\/uploads\/2021\/03\/cropped-portada-blog-redimencionado-5-150x150.png 150w, https:\/\/digitalm.com.mx\/blog\/wp-content\/uploads\/2021\/03\/cropped-portada-blog-redimencionado-5-768x768.png 768w, https:\/\/digitalm.com.mx\/blog\/wp-content\/uploads\/2021\/03\/cropped-portada-blog-redimencionado-5-666x666.png 666w, https:\/\/digitalm.com.mx\/blog\/wp-content\/uploads\/2021\/03\/cropped-portada-blog-redimencionado-5.png 1080w\" alt=\"\" width=\"82\" height=\"82\" \/><strong>Nuestro tarifario (y promociones)<\/strong><\/h2>\n<p><a href=\"https:\/\/api.whatsapp.com\/message\/5X6UBXK6DP53N1\"><img loading=\"lazy\" decoding=\"async\" src=\"https:\/\/digitalm.com.mx\/blog\/wp-content\/uploads\/2021\/03\/PROMOCION-1.png\" alt=\"https:\/\/api.whatsapp.com\/message\/5X6UBXK6DP53N1\" width=\"497\" height=\"417\" \/><\/a><\/p>\n<p>&nbsp;<\/p>\n<p>&nbsp;<\/p>\n<p>&nbsp;<\/p>\n<pre><strong>*Contamos con soporte 24\/7<\/strong>\n<strong>*<a href=\"https:\/\/digitalm.com.mx\/blog\/hosting.pdf\">Ver m\u00e1s sobre nuestro hosting<\/a><\/strong>\n<strong>*Precios m\u00e1s IVA \n\n*PREGUNTA POR NUESTRAS PROMOCIONES<\/strong>\n<strong>*Expedimos factura<\/strong>\n<\/pre>\n<h5 style=\"text-align: center;\"><strong>Da click abajo para para registrate a la demo de la plataforma<\/strong><\/h5>\n<p><a href=\"https:\/\/digitalm.com.mx\/blog\/contacto\/\"><img loading=\"lazy\" decoding=\"async\" class=\"alignnone\" src=\"https:\/\/digitalm.com.mx\/blog\/wp-content\/uploads\/2021\/03\/5-e1616439855618-300x105.png\" alt=\"\" width=\"300\" height=\"105\" \/><\/a><\/p>\n","protected":false},"excerpt":{"rendered":"<p>Soluciones Digitales Somos expertos desarrolladores;\u00a0 sabemos escucharte, comprenderte y acompa\u00f1arte en cada pas\u00f3 tu proceso. Tenemos toda la experiencia en<\/p>\n<p><a href=\"https:\/\/digitalm.com.mx\/blog\/soluciones-digitales\/\" class=\"more-link\">Contin\u00faa leyendo&#8230;<span class=\"screen-reader-text\">Soluciones Digitales<\/span><\/a><\/p>\n","protected":false},"author":2,"featured_media":0,"parent":0,"menu_order":0,"comment_status":"closed","ping_status":"closed","template":"","meta":{"footnotes":""},"class_list":["post-338","page","type-page","status-publish","hentry"],"_links":{"self":[{"href":"https:\/\/digitalm.com.mx\/blog\/wp-json\/wp\/v2\/pages\/338","targetHints":{"allow":["GET"]}}],"collection":[{"href":"https:\/\/digitalm.com.mx\/blog\/wp-json\/wp\/v2\/pages"}],"about":[{"href":"https:\/\/digitalm.com.mx\/blog\/wp-json\/wp\/v2\/types\/page"}],"author":[{"embeddable":true,"href":"https:\/\/digitalm.com.mx\/blog\/wp-json\/wp\/v2\/users\/2"}],"replies":[{"embeddable":true,"href":"https:\/\/digitalm.com.mx\/blog\/wp-json\/wp\/v2\/comments?post=338"}],"version-history":[{"count":90,"href":"https:\/\/digitalm.com.mx\/blog\/wp-json\/wp\/v2\/pages\/338\/revisions"}],"predecessor-version":[{"id":1581,"href":"https:\/\/digitalm.com.mx\/blog\/wp-json\/wp\/v2\/pages\/338\/revisions\/1581"}],"wp:attachment":[{"href":"https:\/\/digitalm.com.mx\/blog\/wp-json\/wp\/v2\/media?parent=338"}],"curies":[{"name":"wp","href":"https:\/\/api.w.org\/{rel}","templated":true}]}}