{"id":393,"date":"2021-03-23T20:48:23","date_gmt":"2021-03-24T02:48:23","guid":{"rendered":"https:\/\/digitalm.com.mx\/blog\/?page_id=393"},"modified":"2026-01-05T12:37:00","modified_gmt":"2026-01-05T18:37:00","slug":"plataformas-interactivas","status":"publish","type":"page","link":"https:\/\/digitalm.com.mx\/blog\/plataformas-interactivas\/","title":{"rendered":"Plataformas interactivas"},"content":{"rendered":"\t\t<div data-elementor-type=\"wp-page\" data-elementor-id=\"393\" class=\"elementor elementor-393\">\n\t\t\t\t<div class=\"elementor-element elementor-element-730b7571 e-con-full e-flex e-con e-parent\" data-id=\"730b7571\" data-element_type=\"container\">\n\t\t\t\t<div class=\"elementor-element elementor-element-6bd67d1d elementor-widget elementor-widget-text-editor\" data-id=\"6bd67d1d\" data-element_type=\"widget\" data-widget_type=\"text-editor.default\">\n\t\t\t\t\t\t\t\t\t<h2 style=\"text-align: center;\"><img decoding=\"async\" src=\"https:\/\/digitalm.com.mx\/blog\/wp-content\/uploads\/2021\/03\/cropped-portada-blog-redimencionado-5-300x300.png\" sizes=\"(max-width: 82px) 100vw, 82px\" srcset=\"https:\/\/digitalm.com.mx\/blog\/wp-content\/uploads\/2021\/03\/cropped-portada-blog-redimencionado-5-300x300.png 300w, https:\/\/digitalm.com.mx\/blog\/wp-content\/uploads\/2021\/03\/cropped-portada-blog-redimencionado-5-1024x1024.png 1024w, https:\/\/digitalm.com.mx\/blog\/wp-content\/uploads\/2021\/03\/cropped-portada-blog-redimencionado-5-150x150.png 150w, https:\/\/digitalm.com.mx\/blog\/wp-content\/uploads\/2021\/03\/cropped-portada-blog-redimencionado-5-768x768.png 768w, https:\/\/digitalm.com.mx\/blog\/wp-content\/uploads\/2021\/03\/cropped-portada-blog-redimencionado-5-666x666.png 666w, https:\/\/digitalm.com.mx\/blog\/wp-content\/uploads\/2021\/03\/cropped-portada-blog-redimencionado-5.png 1080w\" alt=\"\" width=\"82\" height=\"82\" \/>Conoce nuestras plataformas interactivas<\/h2>\n<p>Nuestras plataformas son una herramienta web que permiten optimizar la administraci\u00f3n de tu almac\u00e9n\u00a0 as\u00ed como el registro\u00a0 y adminitraci\u00f3n de productos. Al ser un dise\u00f1o web tiene accesibilidad en todos\u00a0 los dispositivos, en tiempo real, con toda la seguridad que ofrecen <a href=\"https:\/\/digitalm.com.mx\/blog\/hosting\/\" target=\"_blank\" rel=\"noopener\">nuestros hosting<\/a>. con la posibilidad de enlazar al dominio de cada uno de los cliente, de nuestra protecci\u00f3n de datos y fac\u00edlidad de uso.<\/p>\n<p>Las plataformas est\u00e1n desarrolladas bajo 5 pilares fundamentales que permiten a nuestros clientes <strong>una gesti\u00f3n de inventario efectiva optimizando sus recursos y tiempo.<\/strong><\/p>\n<ul>\n<li style=\"text-align: center;\">Facilidad de uso<\/li>\n<li style=\"text-align: center;\">Accesabilidad<\/li>\n<li style=\"text-align: center;\">Inmediatez de informaci\u00f3n<\/li>\n<li style=\"text-align: center;\">Seguridad<\/li>\n<li style=\"text-align: center;\">Versatilidad<\/li>\n<\/ul>\n<p style=\"text-align: center;\">\u00a0<\/p>\n<h2 style=\"text-align: center;\"><img decoding=\"async\" src=\"https:\/\/digitalm.com.mx\/blog\/wp-content\/uploads\/2021\/03\/cropped-portada-blog-redimencionado-5-300x300.png\" sizes=\"(max-width: 82px) 100vw, 82px\" srcset=\"https:\/\/digitalm.com.mx\/blog\/wp-content\/uploads\/2021\/03\/cropped-portada-blog-redimencionado-5-300x300.png 300w, https:\/\/digitalm.com.mx\/blog\/wp-content\/uploads\/2021\/03\/cropped-portada-blog-redimencionado-5-1024x1024.png 1024w, https:\/\/digitalm.com.mx\/blog\/wp-content\/uploads\/2021\/03\/cropped-portada-blog-redimencionado-5-150x150.png 150w, https:\/\/digitalm.com.mx\/blog\/wp-content\/uploads\/2021\/03\/cropped-portada-blog-redimencionado-5-768x768.png 768w, https:\/\/digitalm.com.mx\/blog\/wp-content\/uploads\/2021\/03\/cropped-portada-blog-redimencionado-5-666x666.png 666w, https:\/\/digitalm.com.mx\/blog\/wp-content\/uploads\/2021\/03\/cropped-portada-blog-redimencionado-5.png 1080w\" alt=\"\" width=\"82\" height=\"82\" \/>Conoce nuestros 2 tipos de plataforma\u00a0<\/h2>\n<h3>1. Plataforma interactiva RAC<\/h3>\n<p>El dise\u00f1o para el desarrollo de esta plataforma est\u00e1 focalizado en facilitar el registro y administrador de prendas o cualquier tipo de producto. Mediante la\u00a0 lectura\u00a0 de un c\u00f3digo QR din\u00e1mico, la plataforma permite asignar un c\u00f3digo \u00fanico colocando los datos generales del producto y administrar los \u00abstatus\u00bb\u00a0 como pueden ser: asignado, extraviado, entregado o bien los que el\u00a0 usuario requiera en su negocio.<\/p>\n<p>La versatiliad de la plataforma permite que se enlace desde el c\u00f3digo QR que el cliente ya tenga en uso o bien los QR din\u00e1micos\u00a0 que Digital Media Soluciones Web<strong>\u00ae<\/strong>\u00a0 genere en espec\u00edfico para descarga e impresi\u00f3n en una variedad de materiales.\u00a0<\/p>\n<p>Registra y administra tus productos de manera ilimitada y no te preocupes si bien las plataformas viven en nuestro servidor\u00a0 podemos enlazarlo al dominio de tu negocio. \u00a1M\u00e1s abajo te dejamos el link para que pruebes nuestra demo!<\/p>\n<p><\/p>\n<figure><img decoding=\"async\" src=\"https:\/\/digitalm.com.mx\/blog\/wp-content\/uploads\/2021\/07\/plataformas-1-3-e1625792086243-1024x883.png\" alt=\"\" \/><\/figure>\n<p><\/p>\n<figure>\n\n<\/figure>\n<p><\/p>\n<p><\/p>\n<h3 class=\"wp-block-heading\">2. Plataforma interactiva CGI<\/h3>\n<p><\/p>\n<p>Las plataformas interactivas CGI son las versi\u00f3n m\u00e1s robusta de nuestro desarrollo web. Esta especializada inventario controlando las entradas, salidas, conteo de productos, rastreo y sus costos en tiempo\u00a0 real con notificaciones autom\u00e1ticas de cantidad de producto bajo (configurable), disparando notificaciones de compra para los proveedores o \u00e1rea de compras y con descarga en l\u00ednea de dashboards con presentaci\u00f3n ejecutiva.<\/p>\n<p><\/p>\n<p>Al ser\u00a0 un dise\u00f1o web y con nuestro desarrollo de administraci\u00f3n de usuarios, permite que todos los almaneces est\u00e9n conectados de manera simultanea, auditados y controlados seg\u00fan el perfilado el usuario master asigne al resto de usuarios.<\/p>\n<p><\/p>\n<p>La versatiliad de la plataforma permite que se enlace desde el c\u00f3digo QR que el cliente ya tenga en uso o bien los QR din\u00e1micos\u00a0 que Digital Media Soluciones Web<strong>\u00ae<\/strong> genere en espec\u00edfico para descarga e impresi\u00f3n en una variedad de materiales.\u00a0<\/p>\n<p><\/p>\n<p>En Digital Media Soluciones Web<strong>\u00ae<\/strong> se ofrencen 2 niveles de platafoma en funsi\u00f3n del tamano del almac\u00e9n o inventario que tengan el negocio o empresa (aqu\u00ed te dejamos las especificaciones de nuestros hosting). \u00a0\u00a1M\u00e1s abajo te dejamos el link para que pruebes nuestra demo!<\/p>\n<p><\/p>\n<figure><img decoding=\"async\" src=\"https:\/\/digitalm.com.mx\/blog\/wp-content\/uploads\/2021\/07\/plataformas-2-e1625796054402-1024x915.png\" alt=\"\" \/><\/figure>\n<p>\u00a0<\/p>\n<figure>\n\n<p><a href=\"https:\/\/www.youtube.com\/embed\/FFV5peWbTZE\">\u00a0<\/a><\/p>\n<\/figure>\n<p><\/p>\n<h2 class=\"wp-block-heading\"><img decoding=\"async\" src=\"https:\/\/digitalm.com.mx\/blog\/wp-content\/uploads\/2021\/03\/cropped-portada-blog-redimencionado-5-300x300.png\" srcset=\"https:\/\/digitalm.com.mx\/blog\/wp-content\/uploads\/2021\/03\/cropped-portada-blog-redimencionado-5-300x300.png 300w, https:\/\/digitalm.com.mx\/blog\/wp-content\/uploads\/2021\/03\/cropped-portada-blog-redimencionado-5-1024x1024.png 1024w, https:\/\/digitalm.com.mx\/blog\/wp-content\/uploads\/2021\/03\/cropped-portada-blog-redimencionado-5-150x150.png 150w, https:\/\/digitalm.com.mx\/blog\/wp-content\/uploads\/2021\/03\/cropped-portada-blog-redimencionado-5-768x768.png 768w, https:\/\/digitalm.com.mx\/blog\/wp-content\/uploads\/2021\/03\/cropped-portada-blog-redimencionado-5-666x666.png 666w, https:\/\/digitalm.com.mx\/blog\/wp-content\/uploads\/2021\/03\/cropped-portada-blog-redimencionado-5.png 1080w\" alt=\"\" width=\"82\" height=\"82\" \/>Nuestro tarifario (y promociones)<\/h2>\n<p><\/p>\n<h5 class=\"wp-block-heading\">\u00abNosotros los hacemos por ti, d\u00e9janos ayudarte a optimizar tu negocio\u00bb<br \/>Manejamos paquetes, precios y tiempos de entrega dependiendo de las caracter\u00edsticas del proyecto.<\/h5>\n<p><\/p>\n<figure class=\"wp-block-gallery-1 is-layout-flex wp-block-gallery-is-layout-flex\">\n<figure><img decoding=\"async\" src=\"https:\/\/digitalm.com.mx\/blog\/wp-content\/uploads\/2021\/04\/promicion-plataformas.png\" alt=\"\" data-id=\"580\" data-full-url=\"https:\/\/digitalm.com.mx\/blog\/wp-content\/uploads\/2021\/04\/promicion-plataformas.png\" data-link=\"https:\/\/digitalm.com.mx\/blog\/plataformas-interactivas\/promicion-plataformas\/\" \/><img decoding=\"async\" src=\"https:\/\/digitalm.com.mx\/blog\/wp-content\/uploads\/2021\/04\/PAQUETE-COMPLETO.png\" alt=\"\" data-id=\"579\" data-full-url=\"https:\/\/digitalm.com.mx\/blog\/wp-content\/uploads\/2021\/04\/PAQUETE-COMPLETO.png\" data-link=\"https:\/\/digitalm.com.mx\/blog\/plataformas-interactivas\/paquete-completo\/\" \/><\/figure>\n<\/figure>\n<p><\/p>\n<figure class=\"wp-block-gallery-2 is-layout-flex wp-block-gallery-is-layout-flex is-layout-flow wp-block-column-is-layout-flow wp-container-core-columns-is-layout-9d6595d7 wp-block-columns-is-layout-flex wp-block-group-is-layout-flow\"><\/figure>\n<p><\/p>\n<pre class=\"is-layout-flow wp-block-group-is-layout-flow wp-block-column-is-layout-flow is-layout-flex wp-container-core-columns-is-layout-9d6595d7 wp-block-columns-is-layout-flex\">*Contamos con soporte 24\/7 <\/pre>\n<p><\/p>\n<pre>*<a href=\"https:\/\/digitalm.com.mx\/blog\/creacion-impresion-de-etiquetas-textiles-con-qr-dinamico\/\" target=\"_blank\" rel=\"noreferrer noopener\">Conoce m\u00e1s sobre la creacion de QRs din\u00e1micos<\/a><\/pre>\n<p><\/p>\n<pre> <a href=\"https:\/\/digitalm.com.mx\/blog\/hosting\/\" target=\"_blank\" rel=\"noreferrer noopener\">*Ver m\u00e1s sobre nuestro hosting<\/a><\/pre>\n<p><\/p>\n<pre> *Precios m\u00e1s IVA<\/pre>\n<p><\/p>\n<pre> *Expedimos factura<\/pre>\n<p><\/p>\n<h3 class=\"wp-block-heading\">\u00a0<a style=\"font-family: Roboto, sans-serif; font-weight: 400; font-size: 1.125rem; background-color: #000000;\" href=\"https:\/\/digitalm.com.mx\/blog\/contacto\/\" target=\"_blank\" rel=\"noreferrer noopener\">Cont\u00e1ctanos<\/a><\/h3>\n<p><\/p>\n<p><\/p>\t\t\t\t\t\t\t\t<\/div>\n\t\t\t\t<\/div>\n\t\t<!-- wp:columns --><!-- wp:column {\"width\":\"100%\"} --><!-- wp:group --><!-- wp:preformatted --><\/p>\n<pre class=\"is-layout-flow wp-block-group-is-layout-flow\">*Contamos con soporte 24\/7 <\/pre>\n<p><!-- \/wp:preformatted --><!-- wp:preformatted --><\/p>\n<pre>*<a href=\"https:\/\/digitalm.com.mx\/blog\/creacion-impresion-de-etiquetas-textiles-con-qr-dinamico\/\" target=\"_blank\" rel=\"noreferrer noopener\">Conoce m\u00e1s sobre la creacion de QRs din\u00e1micos<\/a><\/pre>\n<p><!-- \/wp:preformatted --><!-- wp:preformatted --><\/p>\n<pre> <a href=\"https:\/\/digitalm.com.mx\/blog\/hosting\/\" target=\"_blank\" rel=\"noreferrer noopener\">*Ver m\u00e1s sobre nuestro hosting<\/a><\/pre>\n<p><!-- \/wp:preformatted --><!-- wp:preformatted --><\/p>\n<pre> *Precios m\u00e1s IVA<\/pre>\n<p><!-- \/wp:preformatted --><!-- wp:preformatted --><\/p>\n<pre> *Expedimos factura<\/pre>\n<p><!-- \/wp:preformatted --><!-- \/wp:group --><!-- wp:paragraph --><!-- \/wp:paragraph --><!-- wp:heading {\"textAlign\":\"center\",\"level\":3} --><\/p>\n<h3>\u00a0<a style=\"font-family: Roboto, sans-serif; font-weight: 400; font-size: 1.125rem; background-color: #000000;\" href=\"https:\/\/digitalm.com.mx\/blog\/contacto\/\" target=\"_blank\" rel=\"noreferrer noopener\">Cont\u00e1ctanos<\/a><\/h3>\n<p><!-- \/wp:button --><!-- \/wp:buttons --><!-- wp:paragraph --><\/p>\n<p><!-- \/wp:paragraph --><\/p>\t\t\t\t\t\t\t\t<\/div>\n\t\t\t\t<\/div>\n\t\t\t\t<\/div>\n\t\t","protected":false},"excerpt":{"rendered":"<p>Conoce nuestras plataformas interactivas Nuestras plataformas son una herramienta web que permiten optimizar la administraci\u00f3n de tu almac\u00e9n\u00a0 as\u00ed como<\/p>\n<p><a href=\"https:\/\/digitalm.com.mx\/blog\/plataformas-interactivas\/\" class=\"more-link\">Contin\u00faa leyendo&#8230;<span class=\"screen-reader-text\">Plataformas interactivas<\/span><\/a><\/p>\n","protected":false},"author":2,"featured_media":0,"parent":0,"menu_order":0,"comment_status":"closed","ping_status":"closed","template":"","meta":{"footnotes":""},"class_list":["post-393","page","type-page","status-publish","hentry"],"_links":{"self":[{"href":"https:\/\/digitalm.com.mx\/blog\/wp-json\/wp\/v2\/pages\/393","targetHints":{"allow":["GET"]}}],"collection":[{"href":"https:\/\/digitalm.com.mx\/blog\/wp-json\/wp\/v2\/pages"}],"about":[{"href":"https:\/\/digitalm.com.mx\/blog\/wp-json\/wp\/v2\/types\/page"}],"author":[{"embeddable":true,"href":"https:\/\/digitalm.com.mx\/blog\/wp-json\/wp\/v2\/users\/2"}],"replies":[{"embeddable":true,"href":"https:\/\/digitalm.com.mx\/blog\/wp-json\/wp\/v2\/comments?post=393"}],"version-history":[{"count":109,"href":"https:\/\/digitalm.com.mx\/blog\/wp-json\/wp\/v2\/pages\/393\/revisions"}],"predecessor-version":[{"id":1580,"href":"https:\/\/digitalm.com.mx\/blog\/wp-json\/wp\/v2\/pages\/393\/revisions\/1580"}],"wp:attachment":[{"href":"https:\/\/digitalm.com.mx\/blog\/wp-json\/wp\/v2\/media?parent=393"}],"curies":[{"name":"wp","href":"https:\/\/api.w.org\/{rel}","templated":true}]}}