{"id":721,"date":"2021-04-12T18:56:27","date_gmt":"2021-04-12T23:56:27","guid":{"rendered":"https:\/\/digitalm.com.mx\/blog\/?page_id=721"},"modified":"2026-01-05T12:26:50","modified_gmt":"2026-01-05T18:26:50","slug":"creacion-impresion-de-etiquetas-textiles-con-qr-dinamico","status":"publish","type":"page","link":"https:\/\/digitalm.com.mx\/blog\/creacion-impresion-de-etiquetas-textiles-con-qr-dinamico\/","title":{"rendered":"Creaci\u00f3n e impresi\u00f3n de etiquetas textiles con  QR din\u00e1mico"},"content":{"rendered":"<h2 style=\"text-align: left;\"><img decoding=\"async\" src=\"https:\/\/digitalm.com.mx\/blog\/wp-content\/uploads\/2021\/03\/cropped-portada-blog-redimencionado-5-300x300.png\" sizes=\"(max-width: 82px) 100vw, 82px\" srcset=\"https:\/\/digitalm.com.mx\/blog\/wp-content\/uploads\/2021\/03\/cropped-portada-blog-redimencionado-5-300x300.png 300w, https:\/\/digitalm.com.mx\/blog\/wp-content\/uploads\/2021\/03\/cropped-portada-blog-redimencionado-5-1024x1024.png 1024w, https:\/\/digitalm.com.mx\/blog\/wp-content\/uploads\/2021\/03\/cropped-portada-blog-redimencionado-5-150x150.png 150w, https:\/\/digitalm.com.mx\/blog\/wp-content\/uploads\/2021\/03\/cropped-portada-blog-redimencionado-5-768x768.png 768w, https:\/\/digitalm.com.mx\/blog\/wp-content\/uploads\/2021\/03\/cropped-portada-blog-redimencionado-5-666x666.png 666w, https:\/\/digitalm.com.mx\/blog\/wp-content\/uploads\/2021\/03\/cropped-portada-blog-redimencionado-5.png 1080w\" alt=\"\" width=\"98\" height=\"96\" \/>Inventario con c\u00f3digo QR (creaci\u00f3n de c\u00f3digos)<\/h2>\n<p>En Digital Media Soluciones Web<strong>\u00ae<\/strong> <strong>dise\u00f1amos tambi\u00e9n c\u00f3digos QR din\u00e1micos con n\u00fameros de series y folios \u00fanicos para el inventario<\/strong> de tu negocio o empresa y lo enlazamos con las plataformas interactivas; as\u00ed logramos la identificaci\u00f3n, asignaci\u00f3n y manejo inteligente de los productos optimizando al m\u00e1ximo la gesti\u00f3n del caulquier almac\u00e9n.<br \/>\nUna vez dise\u00f1ados los c\u00f3digos QR seriados se pueden descargar en formato PNG y PDF o bien los entregamos impresos en papel autoadherible o etiquetas textiles (poliamida) de 40&#215;50 mm.\u00a0 La versatilidad de la plataforma y los materiales de impresi\u00f3n permite trabajar con el etiquetado de cajas de cart\u00f3n, uniformes escolares, industriales, gubernamentales, calzado, mochilas, material de oficina, gorras, guantes, mochilas, gafetes y pulseras.<\/p>\n<p style=\"text-align: center;\"><strong>\u00a1Imprimimos desde una pieza o todas\u00a0 las que tus activides requieran!<\/strong><\/p>\n<p style=\"text-align: left;\"><strong>\u00a1Lo que m\u00e1s nos interesa es que nos permitas ayudarte para optimizar tu negocio!<\/strong> En el seguiente video podr\u00e1n ver un fragmento de nuestra propuesta <strong>\u00bfnos ayudas a difundir compartiendo?<\/strong><\/p>\n<p style=\"text-align: center;\"><iframe title=\"YouTube video player\" src=\"https:\/\/www.youtube.com\/embed\/qBbnVRVgwLg\" width=\"560\" height=\"315\" frameborder=\"0\" allowfullscreen=\"allowfullscreen\" data-mce-fragment=\"1\"><\/iframe><\/p>\n<p><img fetchpriority=\"high\" decoding=\"async\" src=\"https:\/\/digitalm.com.mx\/blog\/wp-content\/uploads\/2021\/04\/caracteristicas-servicio-2.png\" alt=\"\" width=\"1350\" height=\"650\" \/><\/p>\n<h5 style=\"text-align: center;\"><strong>Con nuestro producto obtendr\u00e1s:<\/strong><\/h5>\n<ul>\n<li dir=\"auto\"><strong>TRAZABILIDAD Y AUTENTICIDAD<\/strong> asegurada en cada uno de los c\u00f3digos QRs \u00fanicos y seriados.<\/li>\n<li dir=\"auto\">La compilaci\u00f3n cifrada de caracteres para creaci\u00f3n del QR.<\/li>\n<li dir=\"auto\">Manejo seguro de bases de datos.<\/li>\n<li dir=\"auto\">Impresi\u00f3n en etiquetas de nylon de alta calidad.<\/li>\n<li dir=\"auto\">Impresi\u00f3n con equipos de transferencia t\u00e9rmica.<\/li>\n<li dir=\"auto\">Usamos tinta textil de alta calidad lavable y permanente.<\/li>\n<li dir=\"auto\">Control de los activos de cualquier corporaci\u00f3n o instituci\u00f3n,<\/li>\n<li dir=\"auto\">Ideales para uniformes y\/o equipamiento t\u00e1ctico.<\/li>\n<li dir=\"auto\">Descuentos por volumen.<\/li>\n<\/ul>\n<p><img decoding=\"async\" src=\"https:\/\/digitalm.com.mx\/blog\/wp-content\/uploads\/2022\/02\/Facebook-etiquetas-QR-1.png\" alt=\"\" width=\"1110\" height=\"788\" \/><br \/>\n<img loading=\"lazy\" decoding=\"async\" src=\"https:\/\/digitalm.com.mx\/blog\/wp-content\/uploads\/2022\/02\/Facebook-etiquetas-QR-2.png\" alt=\"\" width=\"1110\" height=\"788\" \/><br \/>\n<img loading=\"lazy\" decoding=\"async\" src=\"https:\/\/digitalm.com.mx\/blog\/wp-content\/uploads\/2022\/02\/Trazado-e-impresion-de-codigo1.png\" alt=\"\" width=\"1294\" height=\"2000\" \/><br \/>\n<img loading=\"lazy\" decoding=\"async\" src=\"https:\/\/digitalm.com.mx\/blog\/wp-content\/uploads\/2021\/04\/PROMOCION-3.png\" alt=\"\" width=\"940\" height=\"788\" \/><\/p>\n<h2 style=\"text-align: center;\"><img loading=\"lazy\" decoding=\"async\" src=\"https:\/\/digitalm.com.mx\/blog\/wp-content\/uploads\/2021\/03\/cropped-portada-blog-redimencionado-5-300x300.png\" sizes=\"(max-width: 82px) 100vw, 82px\" srcset=\"https:\/\/digitalm.com.mx\/blog\/wp-content\/uploads\/2021\/03\/cropped-portada-blog-redimencionado-5-300x300.png 300w, https:\/\/digitalm.com.mx\/blog\/wp-content\/uploads\/2021\/03\/cropped-portada-blog-redimencionado-5-1024x1024.png 1024w, https:\/\/digitalm.com.mx\/blog\/wp-content\/uploads\/2021\/03\/cropped-portada-blog-redimencionado-5-150x150.png 150w, https:\/\/digitalm.com.mx\/blog\/wp-content\/uploads\/2021\/03\/cropped-portada-blog-redimencionado-5-768x768.png 768w, https:\/\/digitalm.com.mx\/blog\/wp-content\/uploads\/2021\/03\/cropped-portada-blog-redimencionado-5-666x666.png 666w, https:\/\/digitalm.com.mx\/blog\/wp-content\/uploads\/2021\/03\/cropped-portada-blog-redimencionado-5.png 1080w\" alt=\"\" width=\"82\" height=\"82\" \/><\/h2>\n<h2 style=\"text-align: center;\">Nuestro tarifario (y promociones)<\/h2>\n<p style=\"text-align: center;\"><strong>\u00abNosotros los hacemos por ti, d\u00e9janos ayudarte a optimizar tu negocio\u00bb<\/strong><br \/>\n<strong>Manejamos paquetes, precios y tiempos de entrega dependiendo de las caracter\u00edsticas del proyecto.<\/strong><\/p>\n<p><a href=\"https:\/\/api.whatsapp.com\/message\/5X6UBXK6DP53N1\"><img loading=\"lazy\" decoding=\"async\" src=\"https:\/\/digitalm.com.mx\/blog\/wp-content\/uploads\/2021\/04\/promocion-qr.png\" alt=\"\" width=\"940\" height=\"788\" \/><\/a><br \/>\n<a href=\"https:\/\/api.whatsapp.com\/message\/5X6UBXK6DP53N1\"><img loading=\"lazy\" decoding=\"async\" src=\"https:\/\/digitalm.com.mx\/blog\/wp-content\/uploads\/2021\/04\/PAQUETE-COMPLETO.png\" alt=\"\" width=\"940\" height=\"788\" \/><\/a><\/p>\n<pre><strong>*Expedimos factura<\/strong>\n*<a href=\"https:\/\/digitalm.com.mx\/blog\/plataformas-interactivas\/\" target=\"_blank\" rel=\"noopener\"><strong>Conoce m\u00e1s sobre las plataformas interactivas<\/strong><\/a>\n<\/pre>\n<h4 style=\"text-align: center;\"><strong>Ponte en contacto para m\u00e1s detalles y te armamos un paquete.<\/strong><\/h4>\n<h4 style=\"text-align: center;\">\u00bfDudas? Da click abajo y las resolveremos<\/h4>\n<h4 style=\"text-align: center;\"><a href=\"https:\/\/digitalm.com.mx\/blog\/contacto\"><img loading=\"lazy\" decoding=\"async\" src=\"https:\/\/digitalm.com.mx\/blog\/wp-content\/uploads\/2021\/03\/5-e1616439855618-300x105.png\" alt=\"\" width=\"331\" height=\"116\" \/><\/a><\/h4>\n","protected":false},"excerpt":{"rendered":"<p>Inventario con c\u00f3digo QR (creaci\u00f3n de c\u00f3digos) En Digital Media Soluciones Web\u00ae dise\u00f1amos tambi\u00e9n c\u00f3digos QR din\u00e1micos con n\u00fameros de<\/p>\n<p><a href=\"https:\/\/digitalm.com.mx\/blog\/creacion-impresion-de-etiquetas-textiles-con-qr-dinamico\/\" class=\"more-link\">Contin\u00faa leyendo&#8230;<span class=\"screen-reader-text\">Creaci\u00f3n e impresi\u00f3n de etiquetas textiles con  QR din\u00e1mico<\/span><\/a><\/p>\n","protected":false},"author":2,"featured_media":0,"parent":0,"menu_order":0,"comment_status":"closed","ping_status":"closed","template":"","meta":{"footnotes":""},"class_list":["post-721","page","type-page","status-publish","hentry"],"_links":{"self":[{"href":"https:\/\/digitalm.com.mx\/blog\/wp-json\/wp\/v2\/pages\/721","targetHints":{"allow":["GET"]}}],"collection":[{"href":"https:\/\/digitalm.com.mx\/blog\/wp-json\/wp\/v2\/pages"}],"about":[{"href":"https:\/\/digitalm.com.mx\/blog\/wp-json\/wp\/v2\/types\/page"}],"author":[{"embeddable":true,"href":"https:\/\/digitalm.com.mx\/blog\/wp-json\/wp\/v2\/users\/2"}],"replies":[{"embeddable":true,"href":"https:\/\/digitalm.com.mx\/blog\/wp-json\/wp\/v2\/comments?post=721"}],"version-history":[{"count":25,"href":"https:\/\/digitalm.com.mx\/blog\/wp-json\/wp\/v2\/pages\/721\/revisions"}],"predecessor-version":[{"id":1564,"href":"https:\/\/digitalm.com.mx\/blog\/wp-json\/wp\/v2\/pages\/721\/revisions\/1564"}],"wp:attachment":[{"href":"https:\/\/digitalm.com.mx\/blog\/wp-json\/wp\/v2\/media?parent=721"}],"curies":[{"name":"wp","href":"https:\/\/api.w.org\/{rel}","templated":true}]}}