{"id":810,"date":"2021-04-20T11:46:11","date_gmt":"2021-04-20T16:46:11","guid":{"rendered":"https:\/\/digitalm.com.mx\/blog\/?page_id=810"},"modified":"2026-01-05T12:07:25","modified_gmt":"2026-01-05T18:07:25","slug":"digital-cards","status":"publish","type":"page","link":"https:\/\/digitalm.com.mx\/blog\/digital-cards\/","title":{"rendered":"Digital cards"},"content":{"rendered":"\t\t<div data-elementor-type=\"wp-page\" data-elementor-id=\"810\" class=\"elementor elementor-810\">\n\t\t\t\t<div class=\"elementor-element elementor-element-57a13af9 e-flex e-con-boxed e-con e-parent\" data-id=\"57a13af9\" data-element_type=\"container\">\n\t\t\t\t\t<div class=\"e-con-inner\">\n\t\t\t\t<div class=\"elementor-element elementor-element-1e27e7dc elementor-widget elementor-widget-text-editor\" data-id=\"1e27e7dc\" data-element_type=\"widget\" data-widget_type=\"text-editor.default\">\n\t\t\t\t\t\t\t\t\t<h1><img decoding=\"async\" src=\"https:\/\/digitalm.com.mx\/blog\/wp-content\/uploads\/2021\/03\/cropped-portada-blog-redimencionado-5-300x300.png\" sizes=\"(max-width: 82px) 100vw, 82px\" srcset=\"https:\/\/digitalm.com.mx\/blog\/wp-content\/uploads\/2021\/03\/cropped-portada-blog-redimencionado-5-300x300.png 300w, https:\/\/digitalm.com.mx\/blog\/wp-content\/uploads\/2021\/03\/cropped-portada-blog-redimencionado-5-1024x1024.png 1024w, https:\/\/digitalm.com.mx\/blog\/wp-content\/uploads\/2021\/03\/cropped-portada-blog-redimencionado-5-150x150.png 150w, https:\/\/digitalm.com.mx\/blog\/wp-content\/uploads\/2021\/03\/cropped-portada-blog-redimencionado-5-768x768.png 768w, https:\/\/digitalm.com.mx\/blog\/wp-content\/uploads\/2021\/03\/cropped-portada-blog-redimencionado-5-666x666.png 666w, https:\/\/digitalm.com.mx\/blog\/wp-content\/uploads\/2021\/03\/cropped-portada-blog-redimencionado-5.png 1080w\" alt=\"\" width=\"82\" height=\"82\" \/>Digital Cards business contact<\/h1>\n<p>Nuestra l\u00ednea de \u201cdigital cards\u201d en formato PDF interactivo, permite una comunicaci\u00f3n e interacci\u00f3n r\u00e1pida mezclando dise\u00f1os innovadores con la versatilidad y facilidad de uso. S\u00f3lo comparte \u00abla digital card\u00bb con tus clientes y con un s\u00f3lo toque en los \u00edconos tendr\u00e1n\u00a0 en la palama de su mano acceso a toda la informaci\u00f3n comercial e imagen corporativa del contacto.<\/p>\n<p style=\"text-align: center;\">Con estas tarjetas virtuales de presentaci\u00f3n logramos mucho mayor impacto positivo ante tus clientes, con respecto por la ecolog\u00eda y el cumplimiento de las medidas sanitarias actuales. \u00a1La distancia nunca nos hab\u00eda unido tanto!<\/p>\n<p style=\"text-align: center;\"><strong>\u00a1M\u00e1ndanos tus logos y colores para armar tu digital card!<\/strong><\/p>\n<p><img fetchpriority=\"high\" decoding=\"async\" src=\"https:\/\/digitalm.com.mx\/blog\/wp-content\/uploads\/2021\/04\/Servicios-DM-6.png\" alt=\"\" width=\"400\" height=\"600\" \/><\/p>\n<p>&nbsp;<\/p>\n<p style=\"text-align: center;\"><iframe title=\"YouTube video player\" src=\"https:\/\/www.youtube.com\/embed\/kphuQmBUKtQ\" width=\"560\" height=\"315\" frameborder=\"0\" allowfullscreen=\"allowfullscreen\"><\/iframe><\/p>\n<p>&nbsp;<\/p>\n<h1><img decoding=\"async\" src=\"https:\/\/digitalm.com.mx\/blog\/wp-content\/uploads\/2021\/03\/cropped-portada-blog-redimencionado-5-300x300.png\" sizes=\"(max-width: 82px) 100vw, 82px\" srcset=\"https:\/\/digitalm.com.mx\/blog\/wp-content\/uploads\/2021\/03\/cropped-portada-blog-redimencionado-5-300x300.png 300w, https:\/\/digitalm.com.mx\/blog\/wp-content\/uploads\/2021\/03\/cropped-portada-blog-redimencionado-5-1024x1024.png 1024w, https:\/\/digitalm.com.mx\/blog\/wp-content\/uploads\/2021\/03\/cropped-portada-blog-redimencionado-5-150x150.png 150w, https:\/\/digitalm.com.mx\/blog\/wp-content\/uploads\/2021\/03\/cropped-portada-blog-redimencionado-5-768x768.png 768w, https:\/\/digitalm.com.mx\/blog\/wp-content\/uploads\/2021\/03\/cropped-portada-blog-redimencionado-5-666x666.png 666w, https:\/\/digitalm.com.mx\/blog\/wp-content\/uploads\/2021\/03\/cropped-portada-blog-redimencionado-5.png 1080w\" alt=\"\" width=\"82\" height=\"82\" \/>Algunos de nuestros dise\u00f1os<\/h1>\n<p>Estos son alguno de nuestros dise\u00f1os m\u00e1s solicitados en digital cards (col\u00f3camos lo \u00edconos que necesites para tu negocio o la actividad que realices). <strong>Da click para ver el <a href=\"https:\/\/digitalm.com.mx\/blog\/digital_cards.pdf\" target=\"_blank\" rel=\"noopener\">cat\u00e1logo<\/a> completo y pruebes los enlaces activados en cada uno de los\u00a0 modelos<\/strong><strong>.<\/strong><\/p>\n<p style=\"text-align: center;\"><strong>\u00a1<\/strong><strong>Haz de la comunicaci\u00f3n con tu cliente y equipo un v\u00ednculo vanguardista, efectivo y directo!<\/strong><\/p>\n<p><b>Digital Card b\u00e1sica<\/b><\/p>\n<p><img decoding=\"async\" src=\"https:\/\/digitalm.com.mx\/blog\/wp-content\/uploads\/2021\/04\/Modelo-5-1024x585.png\" alt=\"\" width=\"440\" height=\"252\" \/><img loading=\"lazy\" decoding=\"async\" src=\"https:\/\/digitalm.com.mx\/blog\/wp-content\/uploads\/2021\/04\/Modelo-3-1024x585.png\" alt=\"\" width=\"442\" height=\"252\" \/><\/p>\n<p><img loading=\"lazy\" decoding=\"async\" src=\"https:\/\/digitalm.com.mx\/blog\/wp-content\/uploads\/2021\/04\/Modelo-6-1024x585.png\" alt=\"\" width=\"437\" height=\"251\" \/> <img loading=\"lazy\" decoding=\"async\" src=\"https:\/\/digitalm.com.mx\/blog\/wp-content\/uploads\/2021\/04\/Modelo-2-1024x585.png\" alt=\"\" width=\"444\" height=\"254\" \/><\/p>\n<p>&nbsp;<\/p>\n<p>&nbsp;<\/p>\n<h1>\u00a0<\/h1>\n<p><strong>Digital card con fotograf\u00eda<\/strong><\/p>\n<h1><img loading=\"lazy\" decoding=\"async\" src=\"https:\/\/digitalm.com.mx\/blog\/wp-content\/uploads\/2021\/05\/Digital-card-v.2.png\" alt=\"\" width=\"423\" height=\"705\" \/><\/h1>\n<p>&nbsp;<\/p>\n<p>&nbsp;<\/p>\n<p>&nbsp;<\/p>\n<p>&nbsp;<\/p>\n<pre><strong>*Expedimos factura<\/strong><\/pre>\n<h3 style=\"text-align: center;\">\u00bfTe gustaron las digital cards? \u00a1Excelente, cont\u00e1ctanos e iniciemos juntos el camino en los negocios!<\/h3>\n<h3 style=\"text-align: center;\">\u00a1Conoce nuestro cat\u00e1logo b\u00e1sico! Dando click en el siguiente enlace<\/h3>\n<p><a href=\"https:\/\/digitalm.com.mx\/blog\/digital_cards.pdf\"><img loading=\"lazy\" decoding=\"async\" src=\"https:\/\/digitalm.com.mx\/blog\/wp-content\/uploads\/2021\/03\/5-e1616439855618.png\" alt=\"\" width=\"340\" height=\"120\" \/><\/a><\/p>\n<p style=\"text-align: center;\">\u00a0<\/p>\n<h3 style=\"text-align: center;\">\u00bfTienes otros dise\u00f1os en mente o quires m\u00e1s informaci\u00f3n? Cont\u00e1ctanos presionando abajo.<\/h3>\n\n<figure><a href=\"https:\/\/digitalm.com.mx\/blog\/contacto\/\" target=\"_blank\" rel=\"noopener\"><img loading=\"lazy\" decoding=\"async\" src=\"https:\/\/digitalm.com.mx\/blog\/wp-content\/uploads\/2021\/04\/portada-blog-redimencionado-10-1-e1617916824925.png\" alt=\"\" width=\"344\" height=\"119\" \/><\/a><\/figure>\n\n\n\n<h2 class=\"wp-block-heading\">\u00a0<\/h2>\n\n\n\n<p>&nbsp;<\/p>\n\t\t\t\t\t\t\t\t<\/div>\n\t\t\t\t\t<\/div>\n\t\t\t\t<\/div>\n\t\t\t\t<\/div>\n\t\t","protected":false},"excerpt":{"rendered":"<p>Digital Cards business contact Nuestra l\u00ednea de \u201cdigital cards\u201d en formato PDF interactivo, permite una comunicaci\u00f3n e interacci\u00f3n r\u00e1pida mezclando<\/p>\n<p><a href=\"https:\/\/digitalm.com.mx\/blog\/digital-cards\/\" class=\"more-link\">Contin\u00faa leyendo&#8230;<span class=\"screen-reader-text\">Digital cards<\/span><\/a><\/p>\n","protected":false},"author":2,"featured_media":0,"parent":0,"menu_order":0,"comment_status":"closed","ping_status":"closed","template":"","meta":{"footnotes":""},"class_list":["post-810","page","type-page","status-publish","hentry"],"_links":{"self":[{"href":"https:\/\/digitalm.com.mx\/blog\/wp-json\/wp\/v2\/pages\/810","targetHints":{"allow":["GET"]}}],"collection":[{"href":"https:\/\/digitalm.com.mx\/blog\/wp-json\/wp\/v2\/pages"}],"about":[{"href":"https:\/\/digitalm.com.mx\/blog\/wp-json\/wp\/v2\/types\/page"}],"author":[{"embeddable":true,"href":"https:\/\/digitalm.com.mx\/blog\/wp-json\/wp\/v2\/users\/2"}],"replies":[{"embeddable":true,"href":"https:\/\/digitalm.com.mx\/blog\/wp-json\/wp\/v2\/comments?post=810"}],"version-history":[{"count":83,"href":"https:\/\/digitalm.com.mx\/blog\/wp-json\/wp\/v2\/pages\/810\/revisions"}],"predecessor-version":[{"id":1553,"href":"https:\/\/digitalm.com.mx\/blog\/wp-json\/wp\/v2\/pages\/810\/revisions\/1553"}],"wp:attachment":[{"href":"https:\/\/digitalm.com.mx\/blog\/wp-json\/wp\/v2\/media?parent=810"}],"curies":[{"name":"wp","href":"https:\/\/api.w.org\/{rel}","templated":true}]}}